{"id":1094,"date":"2015-03-02T21:58:04","date_gmt":"2015-03-02T21:58:04","guid":{"rendered":"http:\/\/justynakowalskalason.pl\/?page_id=11"},"modified":"2024-03-07T22:19:47","modified_gmt":"2024-03-07T22:19:47","slug":"biogram","status":"publish","type":"page","link":"http:\/\/kowalska-lason.project.stronazen.pl\/?page_id=1094","title":{"rendered":"Biogram"},"content":{"rendered":"<h2 style=\"text-align: center;\"><img loading=\"lazy\" decoding=\"async\" class=\"alignright wp-image-65\" src=\"http:\/\/kowalska-lason.project.stronazen.pl\/wp-content\/uploads\/2016\/02\/Justyna-Kowalska-Lason-3-683x1024.jpg\" alt=\"\" width=\"400\" height=\"599\" srcset=\"http:\/\/kowalska-lason.project.stronazen.pl\/wp-content\/uploads\/2016\/02\/Justyna-Kowalska-Lason-3-683x1024.jpg 683w, http:\/\/kowalska-lason.project.stronazen.pl\/wp-content\/uploads\/2016\/02\/Justyna-Kowalska-Lason-3-200x300.jpg 200w, http:\/\/kowalska-lason.project.stronazen.pl\/wp-content\/uploads\/2016\/02\/Justyna-Kowalska-Lason-3-768x1151.jpg 768w, http:\/\/kowalska-lason.project.stronazen.pl\/wp-content\/uploads\/2016\/02\/Justyna-Kowalska-Lason-3-1025x1536.jpg 1025w, http:\/\/kowalska-lason.project.stronazen.pl\/wp-content\/uploads\/2016\/02\/Justyna-Kowalska-Lason-3-1367x2048.jpg 1367w, http:\/\/kowalska-lason.project.stronazen.pl\/wp-content\/uploads\/2016\/02\/Justyna-Kowalska-Lason-3-scaled.jpg 1709w\" sizes=\"auto, (max-width: 400px) 100vw, 400px\" \/><\/h2>\n<p><strong>Kompozytorka, flecistka, pianistka i improwizatorka. Urodzi\u0142a si\u0119 13 marca 1985 roku w Katowicach. Uko\u0144czy\u0142a studia kompozytorskie z wyr\u00f3\u017cnieniem w klasie prof. Aleksandra Lasonia w Akademii Muzycznej im. Karola Szymanowskiego\u00a0w Katowicach.\u00a0 Od 2011 prowadzi zaj\u0119cia w Akademii Muzycznej w Katowicach.<\/strong><\/p>\n<p>W 2015 roku uzyska\u0142a stopie\u0144 doktora sztuki w dziedzinie kompozycji<br \/>\n(Uniwersytet Muzyczny im. Fryderyka Chopina w Warszawie: Marcin B\u0142a\u017cewicz-\u00a0 promotor).<\/p>\n<p>Jest cz\u0142onkiem zwyczajnym Zwi\u0105zku Kompozytor\u00f3w Polskich jak<br \/>\ni Stowarzyszenia Autor\u00f3w ZAIKS.<\/p>\n<p>Od 2009 roku publikuje swoje utwory w Polskim Wydawnictwie Muzycznym.<\/p>\n<p>Jest wielokrotn\u0105 stypendystk\u0105 m.in. Ministra Kultury i Dziedzictwa Narodowego,<br \/>\na tak\u017ce Urz\u0119du Marsza\u0142kowskiego Wojew\u00f3dztwa \u015al\u0105skiego.<\/p>\n<p>Otrzyma\u0142a zam\u00f3wienia na kompozycje podczas wszystkich dotychczasowych edycji Programu Ministra Kultury i Dziedzictwa Narodowego: Kolekcje &#8211; Priorytet: Zam\u00f3wienia Kompozytorskie (2012, 2013, 2014, 2015).<\/p>\n<p>W lipcu 2012 roku ukaza\u0142 si\u0119 album p\u0142ytowy \u201e\u015apiewam Nowoczesnego Cz\u0142owieka\u201d<br \/>\nz muzyk\u0105 kompozytorki w wykonaniu najwybitniejszych polskich orkiestr i zespo\u0142\u00f3w kameralnych (Narodowa Orkiestra Symfoniczna Polskiego Radia batut\u0105 Micha\u0142a Klauzy oraz Jos\u00e9 Maria Flor\u00eancio, AUKSO pod batut\u0105 Marka Mosia, Ch\u00f3r Filharmonii \u015al\u0105skiej pod dyrekcj\u0105 Jaros\u0142awa Wolanina, LASON Ensemble).<\/p>\n<p>Jej posta\u0107 zosta\u0142a umieszczona wraz z 11 innymi polskimi kompozytorami<br \/>\nw Kalendarzu New Generation &#8211; Nowa Generacja Polskich Kompozytor\u00f3w, wydanym przez Polskie Wydawnictwo Muzyczne, m.in obok Marcela Chyrzy\u0144skiego, Miko\u0142aja G\u00f3reckiego, Paw\u0142a \u0141ukaszewskiego, Paw\u0142a Mykietyna, Aleksandra Nowaka, Wojciecha Wid\u0142aka, Agaty Zubel.<\/p>\n<h3 style=\"text-align: left;\">Za osi\u0105gni\u0119cia tw\u00f3rcze otrzyma\u0142a szereg nagr\u00f3d i stypendi\u00f3w artystycznych, m. in.:<\/h3>\n<ul style=\"list-style-type: square;\">\n<li>prezentacja kompozycji podczas 57. Mi\u0119dzynarodowej Trybuny Kompozytor\u00f3w UNESCO w Lizbonie<\/li>\n<li>nominacja do presti\u017cowej Nagrody Medi\u00f3w Publicznych OPUS 2009 (edycja nie zosta\u0142a rozstrzygni\u0119ta)<\/li>\n<li>I nagroda w Konkursie Kompozytorskim im. Artura Malawskiego<br \/>\nw Rzeszowie za utw\u00f3r na orkiestr\u0119 symfoniczn\u0105<\/li>\n<li>dwukrotnie I\u00a0 nagroda na Mi\u0119dzynarodowym Konkursie Kompozytorskim<br \/>\nim. Feliksa Nowowiejskiego w Olsztynie (2011 i 2012)<\/li>\n<li>I nagroda w Konkursie Kompozytorskim w Bydgoszczy, Nagroda Specjalna za Walory Warsztatu Kompozytorskiego<br \/>\nw Konkursie Kompozytorskim na Ch\u00f3ralny Utw\u00f3r Liturgiczny w Bydgoszczy<\/li>\n<li>III nagroda w Konkursie Kompozytorskim organizowanym przez Akademi\u0119 Muzyczn\u0105 w Gda\u0144sku, za utw\u00f3r na orkiestr\u0119 smyczkow\u0105<\/li>\n<li>wyr\u00f3\u017cnienie w Konkursie Kompozytorskim im. Tadeusza Ochlewskiego organizowanym pod auspicjami Polskiego Wydawnictwa Muzycznego, za utw\u00f3r na flet preparowany solo<\/li>\n<li>wyr\u00f3\u017cnienie w Og\u00f3lnopolskim Konkursie Kompozytorskim we Wroc\u0142awiu za utw\u00f3r &#8230;in their eternal faces&#8230; na flet solo. W 2006 roku otrzyma\u0142a wyr\u00f3\u017cnienie za utw\u00f3r Cier\u0144 na 2 g\u0142osy, alt\u00f3wk\u0119 i fortepian do s\u0142\u00f3w Tadeusza R\u00f3\u017cewicza w Og\u00f3lnopolskim Konkursie Kompozytorskim w Gliwicach.<\/li>\n<\/ul>\n<p>Utwory Justyny Kowalskiej-Laso\u0144 by\u0142y wykonywane na wielu festiwalach\u00a0i koncertach w kraju i za granic\u0105 przez solist\u00f3w, m.in. \u0141ukasz D\u0142ugosz; Ryszard Sojka, jak\u00a0i orkiestry\/ zespo\u0142y takie jak Narodowa Orkiestra Symfoniczna pod batut\u0105 Micha\u0142a Klauzy oraz Jos\u00e9 Maria Flor\u00eancio; Orkiestra Symfoniczna Filharmonii w Rzeszowie pod batut\u0105 Marka Pijarowskiego; Orkiestra Filharmonii w Gorzowie Wielkopolskim pod batut\u0105 Waldemara Gronia; Orkiestra Fiharmonii Warmi\u0144sko-Mazurskiej poda batut\u0105 Piotra Su\u0142kowskiego, Ch\u00f3r Filharmonii \u015al\u0105skiej pod dyrekcj\u0105 Jaros\u0142awa Wolanina; Orkiestra Kameralna Miasta Tychy AUKSO pod batut\u0105 Marka Mosia; Orkiestra Muzyki Nowej, poda batut\u0105 Szymona Bywalca, Zesp\u00f3\u0142 \u015apiewak\u00f3w Miasta Katowice \u2013 CAMERATA pod batut\u0105 Anny Szostak; Kwartet \u015al\u0105ski; Orkiestra Kameralna AMADEUS pod batut\u0105 Agnieszki Duczmal i Anny Mr\u00f3z; Orkiestra Kameralna Progress pod batut\u0105 Szymona Morusa; Zesp\u00f3\u0142 Kameralny &#8211; Lason Ensemble; Orkiestra Kameralna \u201eGradus ad Parnassum\u201d pod batut\u0105 Petera Vandilowskiego na Bia\u0142orusi; ukrai\u0144ski kwartet smyczkowy POST SCRIPTUM; Zesp\u00f3\u0142 Kameralny Salzburskiego Mozarteum pod batut\u0105 Chung Ki Min i inne.<\/p>\n<p>Jej utwory wykonywane by\u0142y na wielu festiwalach i koncertach w kraju i za granic\u0105.<\/p>\n<p>Jako improwizatorka wsp\u00f3\u0142pracowa\u0142a z instrumentalistami, kompozytorami, improwizatorami i jazzmanami takimi jak Matthias Mainz (wraz z niemieck\u0105 grup\u0105 Realtime Reserach) i Richard Ortmann.<\/p>\n<p>Sama tworzy tak\u017ce grafiki komputerowe.<\/p>\n<h3>Wa\u017cniejsze kompozycje:<\/h3>\n<ul style=\"list-style-type: square;\">\n<li>Kwartet smyczkowy nr 1 (2004)<\/li>\n<li>\u2028<em>A Light exists in Spring&#8230;\u00a0<\/em>na kwartet smyczkowy (2005) (wersja 2 2009)<\/li>\n<li><em>Iluminations\u00a0<\/em>na orkiestr\u0119 symfoniczn\u0105 (2006)<\/li>\n<li>\u2028<em>Psyche\u00a0<\/em>na akordeon solo (2006)<\/li>\n<li><em>Cier\u0144\u00a0<\/em>na 2 g\u0142osy, alt\u00f3wk\u0119 i fortepian (2006)<\/li>\n<li>Muzyka do etiudy filmowej &#8211;\u00a0<em>TRUST ME<\/em>\u00a0\u2013 Szymona Gdowicza z Akademii Sztuk Pi\u0119knych<\/li>\n<li><em>Apokalipsofonix\u00a0<\/em>na ta\u015bm\u0119 i 4 tuby (2007)<\/li>\n<li><em>Pi\u0119\u0107 B\u0142ogos\u0142awie\u0144stw\u00a0<\/em>na organy solo (2008)<\/li>\n<li><em>OBRAZ 1929 (Zdzis\u0142aw Beksi\u0144ski in memoriam)\u00a0<\/em>na orkiestr\u0119 symfoniczn\u0105 (2008)<\/li>\n<li><em>Te frazy&#8230;Te pie\u015bni&#8230;Te arie&#8230;na\u00a0<\/em>orkiestr\u0119 smyczkow\u0105 (2009)<\/li>\n<li><em>ARTroTi-phonium\u00a0<\/em>na 6 harf, 3 tr\u0105bki i kot\u0142y (2009)<\/li>\n<li><em>&#8230;in their eternal faces&#8230;\u00a0<\/em>na flet solo (2009)<\/li>\n<li><em>Fanfara Festiwalowa\u00a0<\/em>\u2013 dla Festiwalu Muzyki Polskiej w Krakowie (2009)<\/li>\n<li>\u00a0<em>Sanctus\u00a0<\/em>[wersja 2] na ch\u00f3r mieszany (2010)<\/li>\n<li><em>Te Arie&#8230;na\u00a0<\/em>orkiestr\u0119 smyczkow\u0105 (2010)<\/li>\n<li><em>\u015apiewam Nowoczesnego Cz\u0142owieka\u00a0<\/em>na orkiestr\u0119 symfoniczn\u0105 (2011)<\/li>\n<li><em>&#8230;dotykam g\u00f3r, a one dymi\u0105&#8230;na\u00a0<\/em>flet preparowany solo (2011)<\/li>\n<li><em>&#8230;in terra, in mari&#8230;na\u00a0<\/em>ch\u00f3r mieszany (2011)<\/li>\n<li><em>Sanctus\u00a0<\/em>[wersja 3 skr\u00f3cona] (2011)<\/li>\n<li><em>Przemawiam J\u0119zykiem Zrozumia\u0142ym Dla Wszystkich\u00a0<\/em>na orkiestr\u0119 smyczkow\u0105 (2011)<\/li>\n<li><em>B\u0142ogos\u0142awiony w snach, we \u0142zach szcz\u0119\u015bliwy\u00a0<\/em>na ch\u00f3r mieszany a cappella (2012)<\/li>\n<li><em>Oto drzewo Krzy\u017ca, na kt\u00f3rym zawis\u0142o Zbawienie \u015bwiata\u00a0<\/em>na ch\u00f3r mieszany a cappella (2012)<\/li>\n<li><em>Aby jednak pie\u015bni nie zgas\u0142y, wynie\u015b je poza \u015bwiaty\u00a0<\/em>na orkiestr\u0119 smyczkow\u0105 (2012)<\/li>\n<li><em>III Kwartet smyczkowy \u201eZnajduj\u0119 sw\u0105 pie\u015b\u0144\u201d (2013)<\/em><\/li>\n<li><em>\u015ani\u0119 sny wszystkich \u015bni\u0105cych I Symfonia koncertuj\u0105ca\u00a0<\/em>na flet i orkiestr\u0119 symfoniczn\u0105 (2014)<\/li>\n<li><em>Bowiem przemawia j\u0119zykiem anio\u0142\u00f3w<\/em>\u00a0na wiolonczel\u0119 i akordeon (2014)<\/li>\n<li><em>Kt\u00f3ra wszystko tworzy, wszystko ochrania<\/em>\u00a0 na mieszany ch\u00f3r solist\u00f3w, orkiestr\u0119 kameraln\u0105 i d\u017awi\u0119ki elektroniczne (2015)<\/li>\n<li><em>Co zosta\u0142o roz\u015bwietlone, \u015bwiat\u0142em si\u0119 staje<\/em>\u00a0na flet i orkiestr\u0119<\/li>\n<\/ul>\n","protected":false},"excerpt":{"rendered":"<p>Kompozytorka, flecistka, pianistka i improwizatorka. Urodzi\u0142a si\u0119 13 marca 1985 roku w Katowicach. Uko\u0144czy\u0142a studia kompozytorskie z wyr\u00f3\u017cnieniem w klasie prof. Aleksandra Lasonia w Akademii Muzycznej im. Karola Szymanowskiego\u00a0w Katowicach.\u00a0 Od 2011 prowadzi zaj\u0119cia w Akademii Muzycznej w Katowicach. W 2015 roku uzyska\u0142a stopie\u0144 doktora sztuki w dziedzinie kompozycji (Uniwersytet Muzyczny im. Fryderyka Chopina w&hellip;<\/p>\n","protected":false},"author":2,"featured_media":0,"parent":0,"menu_order":0,"comment_status":"closed","ping_status":"open","template":"","meta":{"footnotes":""},"class_list":["post-1094","page","type-page","status-publish","hentry"],"_links":{"self":[{"href":"http:\/\/kowalska-lason.project.stronazen.pl\/index.php?rest_route=\/wp\/v2\/pages\/1094","targetHints":{"allow":["GET"]}}],"collection":[{"href":"http:\/\/kowalska-lason.project.stronazen.pl\/index.php?rest_route=\/wp\/v2\/pages"}],"about":[{"href":"http:\/\/kowalska-lason.project.stronazen.pl\/index.php?rest_route=\/wp\/v2\/types\/page"}],"author":[{"embeddable":true,"href":"http:\/\/kowalska-lason.project.stronazen.pl\/index.php?rest_route=\/wp\/v2\/users\/2"}],"replies":[{"embeddable":true,"href":"http:\/\/kowalska-lason.project.stronazen.pl\/index.php?rest_route=%2Fwp%2Fv2%2Fcomments&post=1094"}],"version-history":[{"count":2,"href":"http:\/\/kowalska-lason.project.stronazen.pl\/index.php?rest_route=\/wp\/v2\/pages\/1094\/revisions"}],"predecessor-version":[{"id":1127,"href":"http:\/\/kowalska-lason.project.stronazen.pl\/index.php?rest_route=\/wp\/v2\/pages\/1094\/revisions\/1127"}],"wp:attachment":[{"href":"http:\/\/kowalska-lason.project.stronazen.pl\/index.php?rest_route=%2Fwp%2Fv2%2Fmedia&parent=1094"}],"curies":[{"name":"wp","href":"https:\/\/api.w.org\/{rel}","templated":true}]}}