{"id":13,"date":"2015-03-02T21:58:20","date_gmt":"2015-03-02T21:58:20","guid":{"rendered":"http:\/\/justynakowalskalason.pl\/?page_id=13"},"modified":"2015-03-02T21:58:20","modified_gmt":"2015-03-02T21:58:20","slug":"utwory","status":"publish","type":"page","link":"http:\/\/kowalska-lason.project.stronazen.pl\/?page_id=13","title":{"rendered":"Muzyka"},"content":{"rendered":"<p style=\"text-align: justify\"><img loading=\"lazy\" decoding=\"async\" class=\"alignright wp-image-63\" src=\"https:\/\/justynakowalskalason.pl\/wp-content\/uploads\/2016\/02\/Justyna-Kowalska-Laso\u0144-1-300x200.jpg\" alt=\"Justyna Kowalska-Laso\u0144-1\" width=\"451\" height=\"300\" \/><span style=\"font-size: 14pt\">Utwory <strong>Justyny Kowalskiej Laso\u0144<\/strong> by\u0142y wykonywane na wielu festiwalach\u00a0i koncertach w kraju i za granic\u0105 przez solist\u00f3w, m.in. \u0141ukasz D\u0142ugosz; Ryszard Sojka, jak\u00a0i orkiestry\/ zespo\u0142y takie jak Narodowa Orkiestra Symfoniczna pod batut\u0105 Micha\u0142a Klauzy oraz Jos\u00e9 Maria Flor\u00eancio; Orkiestra Symfoniczna Filharmonii w Rzeszowie pod batut\u0105 Marka Pijarowskiego; Orkiestra Filharmonii w Gorzowie Wielkopolskim pod batut\u0105 Waldemara Gronia; Orkiestra Fiharmonii Warmi\u0144sko-Mazurskiej poda batut\u0105 Piotra Su\u0142kowskiego, Ch\u00f3r Filharmonii \u015al\u0105skiej pod dyrekcj\u0105 Jaros\u0142awa Wolanina; Orkiestra Kameralna Miasta Tychy AUKSO pod batut\u0105 Marka Mosia; Orkiestra Muzyki Nowej, poda batut\u0105 Szymona Bywalca, Zesp\u00f3\u0142 \u015apiewak\u00f3w Miasta Katowice \u2013 CAMERATA pod batut\u0105 Anny Szostak; Kwartet \u015al\u0105ski; Orkiestra Kameralna AMADEUS pod batut\u0105 Agnieszki Duczmal i Anny Mr\u00f3z; Orkiestra Kameralna Progress pod batut\u0105 Szymona Morusa; Zesp\u00f3\u0142 Kameralny &#8211; Lason Ensemble; Orkiestra Kameralna \u201eGradus ad Parnassum\u201d pod batut\u0105 Petera Vandilowskiego na Bia\u0142orusi; ukrai\u0144ski kwartet smyczkowy POST SCRIPTUM; Zesp\u00f3\u0142 Kameralny Salzburskiego Mozarteum pod batut\u0105 Chung Ki Min i inne.<\/span><\/p>\n<p style=\"text-align: justify\"><span style=\"font-size: 14pt\">Jej utwory wykonywane by\u0142y na wielu festiwalach i koncertach w kraju i za granic\u0105.<\/span><\/p>\n<p style=\"text-align: justify\"><span style=\"font-size: 14pt\">Jako improwizatorka wsp\u00f3\u0142pracowa\u0142a z instrumentalistami, kompozytorami, improwizatorami i jazzmanami takimi jak Matthias Mainz (wraz z niemieck\u0105 grup\u0105 Realtime Reserach) i Richard Ortmann.<\/span><\/p>\n<p style=\"text-align: justify\"><span style=\"font-size: 14pt\">Sama tworzy tak\u017ce grafiki komputerowe.<\/span><\/p>\n<p>&nbsp;<\/p>\n<h2>Wa\u017cniejsze kompozycje:<\/h2>\n<p>&nbsp;<\/p>\n<p>Kwartet smyczkowy nr 1 (2004)<\/p>\n<p><em>A Light exists in Spring&#8230; <\/em>na kwartet smyczkowy (2005) (wersja 2 2009)<\/p>\n<p><em>Iluminations <\/em>na orkiestr\u0119 symfoniczn\u0105 (2006)<\/p>\n<p><em>Psyche <\/em>na akordeon solo (2006)<\/p>\n<p><em>Cier\u0144 <\/em>na 2 g\u0142osy, alt\u00f3wk\u0119 i fortepian (2006)<\/p>\n<p>Muzyka do etiudy filmowej &#8211; <em>TRUST ME<\/em> \u2013 Szymona Gdowicza z Akademii Sztuk Pi\u0119knych<\/p>\n<p><em>Apokalipsofonix <\/em>na ta\u015bm\u0119 i 4 tuby (2007)<\/p>\n<p><em>Pi\u0119\u0107 B\u0142ogos\u0142awie\u0144stw <\/em>na organy solo (2008)<\/p>\n<p><em>OBRAZ 1929 (Zdzis\u0142aw Beksi\u0144ski in memoriam) <\/em>na orkiestr\u0119 symfoniczn\u0105 (2008)<\/p>\n<p><em>Te frazy&#8230;Te pie\u015bni&#8230;Te arie&#8230;na <\/em>orkiestr\u0119 smyczkow\u0105 (2009)<\/p>\n<p><em>ARTroTi-phonium <\/em>na 6 harf, 3 tr\u0105bki i kot\u0142y (2009)<\/p>\n<p><em>&#8230;in their eternal faces&#8230; <\/em>na flet solo (2009)<\/p>\n<p><em>Fanfara Festiwalowa <\/em>\u2013 dla Festiwalu Muzyki Polskiej w Krakowie (2009)<\/p>\n<p><em>Sanctus <\/em>[wersja 2] na ch\u00f3r mieszany (2010)<\/p>\n<p><em>Te Arie&#8230;na <\/em>orkiestr\u0119 smyczkow\u0105 (2010)<\/p>\n<p><em>\u015apiewam Nowoczesnego Cz\u0142owieka <\/em>na orkiestr\u0119 symfoniczn\u0105 (2011)<\/p>\n<p><em>&#8230;dotykam g\u00f3r, a one dymi\u0105&#8230;na <\/em>flet preparowany solo (2011)<\/p>\n<p><em>&#8230;in terra, in mari&#8230;na <\/em>ch\u00f3r mieszany (2011)<\/p>\n<p><em>Sanctus <\/em>[wersja 3 skr\u00f3cona] (2011)<\/p>\n<p><em>Przemawiam J\u0119zykiem Zrozumia\u0142ym Dla Wszystkich <\/em>na orkiestr\u0119 smyczkow\u0105 (2011)<\/p>\n<p><em>B\u0142ogos\u0142awiony w snach, we \u0142zach szcz\u0119\u015bliwy <\/em>na ch\u00f3r mieszany a cappella (2012)<\/p>\n<p><em>Oto drzewo Krzy\u017ca, na kt\u00f3rym zawis\u0142o Zbawienie \u015bwiata <\/em>na ch\u00f3r mieszany a cappella (2012)<\/p>\n<p><em>Aby jednak pie\u015bni nie zgas\u0142y, wynie\u015b je poza \u015bwiaty <\/em>na orkiestr\u0119 smyczkow\u0105 (2012)<\/p>\n<p><em>III Kwartet smyczkowy \u201eZnajduj\u0119 sw\u0105 pie\u015b\u0144\u201d (2013)<\/em><\/p>\n<p><em>\u015ani\u0119 sny wszystkich \u015bni\u0105cych I Symfonia koncertuj\u0105ca <\/em>na flet i orkiestr\u0119 symfoniczn\u0105 (2014)<\/p>\n<p><em>Bowiem przemawia j\u0119zykiem anio\u0142\u00f3w<\/em> na wiolonczel\u0119 i akordeon (2014)<\/p>\n<p><em>Kt\u00f3ra wszystko tworzy, wszystko ochrania<\/em>\u00a0 na mieszany ch\u00f3r solist\u00f3w, orkiestr\u0119 kameraln\u0105 i d\u017awi\u0119ki elektroniczne (2015)<\/p>\n<p><em>Co zosta\u0142o roz\u015bwietlone, \u015bwiat\u0142em si\u0119 staje<\/em> na flet i orkeistr\u0119<\/p>\n","protected":false},"excerpt":{"rendered":"<p>Utwory Justyny Kowalskiej Laso\u0144 by\u0142y wykonywane na wielu festiwalach\u00a0i koncertach w kraju i za granic\u0105 przez solist\u00f3w, m.in. \u0141ukasz D\u0142ugosz; Ryszard Sojka, jak\u00a0i orkiestry\/ zespo\u0142y takie jak Narodowa Orkiestra Symfoniczna pod batut\u0105 Micha\u0142a Klauzy oraz Jos\u00e9 Maria Flor\u00eancio; Orkiestra Symfoniczna Filharmonii w Rzeszowie pod batut\u0105 Marka Pijarowskiego; Orkiestra Filharmonii w Gorzowie Wielkopolskim pod batut\u0105 Waldemara&hellip;<\/p>\n","protected":false},"author":2,"featured_media":0,"parent":0,"menu_order":0,"comment_status":"closed","ping_status":"open","template":"","meta":{"footnotes":""},"class_list":["post-13","page","type-page","status-publish","hentry"],"_links":{"self":[{"href":"http:\/\/kowalska-lason.project.stronazen.pl\/index.php?rest_route=\/wp\/v2\/pages\/13","targetHints":{"allow":["GET"]}}],"collection":[{"href":"http:\/\/kowalska-lason.project.stronazen.pl\/index.php?rest_route=\/wp\/v2\/pages"}],"about":[{"href":"http:\/\/kowalska-lason.project.stronazen.pl\/index.php?rest_route=\/wp\/v2\/types\/page"}],"author":[{"embeddable":true,"href":"http:\/\/kowalska-lason.project.stronazen.pl\/index.php?rest_route=\/wp\/v2\/users\/2"}],"replies":[{"embeddable":true,"href":"http:\/\/kowalska-lason.project.stronazen.pl\/index.php?rest_route=%2Fwp%2Fv2%2Fcomments&post=13"}],"version-history":[{"count":0,"href":"http:\/\/kowalska-lason.project.stronazen.pl\/index.php?rest_route=\/wp\/v2\/pages\/13\/revisions"}],"wp:attachment":[{"href":"http:\/\/kowalska-lason.project.stronazen.pl\/index.php?rest_route=%2Fwp%2Fv2%2Fmedia&parent=13"}],"curies":[{"name":"wp","href":"https:\/\/api.w.org\/{rel}","templated":true}]}}