{"id":251,"date":"2017-02-14T15:31:42","date_gmt":"2017-02-14T15:31:42","guid":{"rendered":"http:\/\/justynakowalskalason.pl\/?page_id=251"},"modified":"2024-03-08T10:18:19","modified_gmt":"2024-03-08T10:18:19","slug":"audio","status":"publish","type":"page","link":"http:\/\/kowalska-lason.project.stronazen.pl\/?page_id=251","title":{"rendered":"Audio"},"content":{"rendered":"<h3>\u015apiewam Nowoczesnego Cz\u0142owieka (The Modern Man I Sing) \u00a0&#8211; Track 1<\/h3>\n<audio class=\"wp-audio-shortcode\" id=\"audio-251-1\" preload=\"none\" style=\"width: 100%;\" controls=\"controls\"><source type=\"audio\/mpeg\" src=\"http:\/\/kowalska-lason.project.stronazen.pl\/wp-content\/uploads\/2017\/01\/01-sciezka-01.mp3?_=1\" \/><a href=\"http:\/\/kowalska-lason.project.stronazen.pl\/wp-content\/uploads\/2017\/01\/01-sciezka-01.mp3\">http:\/\/kowalska-lason.project.stronazen.pl\/wp-content\/uploads\/2017\/01\/01-sciezka-01.mp3<\/a><\/audio>\n<h3 class=\"watch-title-container\"><span id=\"eow-title\" class=\"watch-title\" dir=\"ltr\" title=\"Justyna Kowalska-Laso\u0144 - Sanctus for mixed choir a cappella\"> Sanctus na ch\u00f3r mieszany a cappella &#8211;<\/span>\u00a0Track 2<\/h3>\n<audio class=\"wp-audio-shortcode\" id=\"audio-251-2\" preload=\"none\" style=\"width: 100%;\" controls=\"controls\"><source type=\"audio\/mpeg\" src=\"http:\/\/kowalska-lason.project.stronazen.pl\/wp-content\/uploads\/2017\/01\/02-sciezka-02.mp3?_=2\" \/><a href=\"http:\/\/kowalska-lason.project.stronazen.pl\/wp-content\/uploads\/2017\/01\/02-sciezka-02.mp3\">http:\/\/kowalska-lason.project.stronazen.pl\/wp-content\/uploads\/2017\/01\/02-sciezka-02.mp3<\/a><\/audio>\n<h3 class=\"watch-title-container\"><span id=\"eow-title\" class=\"watch-title\" dir=\"ltr\" title=\"Justyna Kowalska-Laso\u0144 - A Light exists in Spring for string quartet\"> A Light exists in Spring na kwartet smyczkowy\u00a0&#8211;\u00a0<\/span>Track 3<\/h3>\n<audio class=\"wp-audio-shortcode\" id=\"audio-251-3\" preload=\"none\" style=\"width: 100%;\" controls=\"controls\"><source type=\"audio\/mpeg\" src=\"http:\/\/kowalska-lason.project.stronazen.pl\/wp-content\/uploads\/2017\/01\/03-sciezka-03.mp3?_=3\" \/><a href=\"http:\/\/kowalska-lason.project.stronazen.pl\/wp-content\/uploads\/2017\/01\/03-sciezka-03.mp3\">http:\/\/kowalska-lason.project.stronazen.pl\/wp-content\/uploads\/2017\/01\/03-sciezka-03.mp3<\/a><\/audio>\n<h3 class=\"watch-title-container\"><span id=\"eow-title\" class=\"watch-title\" dir=\"ltr\" title=\"Justyna Kowalska-Laso\u0144 - These phrases... These songs... These arias...\">Te frazy te pie\u015bni na orkiestr\u0119 smyczkow\u0105 &#8211;\u00a0<\/span>Track 4<\/h3>\n<audio class=\"wp-audio-shortcode\" id=\"audio-251-4\" preload=\"none\" style=\"width: 100%;\" controls=\"controls\"><source type=\"audio\/mpeg\" src=\"http:\/\/kowalska-lason.project.stronazen.pl\/wp-content\/uploads\/2017\/01\/04-sciezka-04.mp3?_=4\" \/><a href=\"http:\/\/kowalska-lason.project.stronazen.pl\/wp-content\/uploads\/2017\/01\/04-sciezka-04.mp3\">http:\/\/kowalska-lason.project.stronazen.pl\/wp-content\/uploads\/2017\/01\/04-sciezka-04.mp3<\/a><\/audio>\n<h3><span id=\"eow-title\" class=\"watch-title\" dir=\"ltr\" title=\"Justyna Kowalska-Laso\u0144 - Image 1929 (in memorian Zdzis\u0142aw Beksi\u0144ski)\"><em>Obraz 1929 (Image 1929<\/em>\u00a0in memoriam Zdzis\u0142aw Beksi\u0144ski) <\/span>Track 5<\/h3>\n<audio class=\"wp-audio-shortcode\" id=\"audio-251-5\" preload=\"none\" style=\"width: 100%;\" controls=\"controls\"><source type=\"audio\/mpeg\" src=\"http:\/\/kowalska-lason.project.stronazen.pl\/wp-content\/uploads\/2017\/01\/05-sciezka-05.mp3?_=5\" \/><a href=\"http:\/\/kowalska-lason.project.stronazen.pl\/wp-content\/uploads\/2017\/01\/05-sciezka-05.mp3\">http:\/\/kowalska-lason.project.stronazen.pl\/wp-content\/uploads\/2017\/01\/05-sciezka-05.mp3<\/a><\/audio>\n<h3><strong>B\u0142ogos\u0142awiony w snach, we \u0142zach szcz\u0119\u015bliwy<\/strong><\/h3>\n<audio class=\"wp-audio-shortcode\" id=\"audio-251-6\" preload=\"none\" style=\"width: 100%;\" controls=\"controls\"><source type=\"audio\/mpeg\" src=\"http:\/\/kowalska-lason.project.stronazen.pl\/wp-content\/uploads\/2017\/01\/BLOGOSLAWIONY-W-SNACH-WE-LZACH-SZCZESLIWY.mp3?_=6\" \/><a href=\"http:\/\/kowalska-lason.project.stronazen.pl\/wp-content\/uploads\/2017\/01\/BLOGOSLAWIONY-W-SNACH-WE-LZACH-SZCZESLIWY.mp3\">http:\/\/kowalska-lason.project.stronazen.pl\/wp-content\/uploads\/2017\/01\/BLOGOSLAWIONY-W-SNACH-WE-LZACH-SZCZESLIWY.mp3<\/a><\/audio>\n<h3>Co zosta\u0142o roz\u015bwietlone, \u015bwiat\u0142em si\u0119 staje na 2 flety i orkiestr\u0119 smyczkow\u0105<\/h3>\n<audio class=\"wp-audio-shortcode\" id=\"audio-251-7\" preload=\"none\" style=\"width: 100%;\" controls=\"controls\"><source type=\"audio\/mpeg\" src=\"https:\/\/justynakowalskalason.pl\/wp-content\/uploads\/2017\/02\/Co-zosta\u0142o-roz\u015bwietlone-\u015bwiat\u0142em-si\u0119-staje-na-2-flety-i-orkiestr\u0119-smyczkow\u0105.mp3?_=7\" \/><a href=\"https:\/\/justynakowalskalason.pl\/wp-content\/uploads\/2017\/02\/Co-zosta\u0142o-roz\u015bwietlone-\u015bwiat\u0142em-si\u0119-staje-na-2-flety-i-orkiestr\u0119-smyczkow\u0105.mp3\">https:\/\/justynakowalskalason.pl\/wp-content\/uploads\/2017\/02\/Co-zosta\u0142o-roz\u015bwietlone-\u015bwiat\u0142em-si\u0119-staje-na-2-flety-i-orkiestr\u0119-smyczkow\u0105.mp3<\/a><\/audio>\n<h3>\u015ani\u0119 sny wszystkich \u015bni\u0105cych i symfonia koncertuj\u0105ca cz. I<\/h3>\n<audio class=\"wp-audio-shortcode\" id=\"audio-251-8\" preload=\"none\" style=\"width: 100%;\" controls=\"controls\"><source type=\"audio\/mpeg\" src=\"http:\/\/kowalska-lason.project.stronazen.pl\/wp-content\/uploads\/2017\/01\/SNIE-SNY-WSZYSTKICH-SNIACYCH-I-SYMFONIA-KONCERTUJACA-cz-I.mp3?_=8\" \/><a href=\"http:\/\/kowalska-lason.project.stronazen.pl\/wp-content\/uploads\/2017\/01\/SNIE-SNY-WSZYSTKICH-SNIACYCH-I-SYMFONIA-KONCERTUJACA-cz-I.mp3\">http:\/\/kowalska-lason.project.stronazen.pl\/wp-content\/uploads\/2017\/01\/SNIE-SNY-WSZYSTKICH-SNIACYCH-I-SYMFONIA-KONCERTUJACA-cz-I.mp3<\/a><\/audio>\n<h3>\u015ani\u0119 sny wszystkich \u015bni\u0105cych i symfonia koncertuj\u0105ca cz. II<\/h3>\n<audio class=\"wp-audio-shortcode\" id=\"audio-251-9\" preload=\"none\" style=\"width: 100%;\" controls=\"controls\"><source type=\"audio\/mpeg\" src=\"http:\/\/kowalska-lason.project.stronazen.pl\/wp-content\/uploads\/2017\/01\/SNIE-SNY-WSZYSTKICH-SNIACYCH-I-SYMFONIA-KONCERTUJACA-cz-II.mp3?_=9\" \/><a href=\"http:\/\/kowalska-lason.project.stronazen.pl\/wp-content\/uploads\/2017\/01\/SNIE-SNY-WSZYSTKICH-SNIACYCH-I-SYMFONIA-KONCERTUJACA-cz-II.mp3\">http:\/\/kowalska-lason.project.stronazen.pl\/wp-content\/uploads\/2017\/01\/SNIE-SNY-WSZYSTKICH-SNIACYCH-I-SYMFONIA-KONCERTUJACA-cz-II.mp3<\/a><\/audio>\n<h3>\u015ani\u0119 sny wszystkich \u015bni\u0105cych i symfonia koncertuj\u0105ca cz. III<\/h3>\n<audio class=\"wp-audio-shortcode\" id=\"audio-251-10\" preload=\"none\" style=\"width: 100%;\" controls=\"controls\"><source type=\"audio\/mpeg\" src=\"http:\/\/kowalska-lason.project.stronazen.pl\/wp-content\/uploads\/2017\/01\/SNIE-SNY-WSZYSTKICH-SNIACYCH-I-SYMFONIA-KONCERTUJACA-cz-III.mp3?_=10\" \/><a href=\"http:\/\/kowalska-lason.project.stronazen.pl\/wp-content\/uploads\/2017\/01\/SNIE-SNY-WSZYSTKICH-SNIACYCH-I-SYMFONIA-KONCERTUJACA-cz-III.mp3\">http:\/\/kowalska-lason.project.stronazen.pl\/wp-content\/uploads\/2017\/01\/SNIE-SNY-WSZYSTKICH-SNIACYCH-I-SYMFONIA-KONCERTUJACA-cz-III.mp3<\/a><\/audio>\n<h3>\u015ani\u0119 sny wszystkich \u015bni\u0105cych i symfonia koncertuj\u0105ca cz. IV<\/h3>\n<audio class=\"wp-audio-shortcode\" id=\"audio-251-11\" preload=\"none\" style=\"width: 100%;\" controls=\"controls\"><source type=\"audio\/mpeg\" src=\"http:\/\/kowalska-lason.project.stronazen.pl\/wp-content\/uploads\/2017\/01\/SNIE-SNY-WSZYSTKICH-SNIACYCH-I-SYMFONIA-KONCERTUJACA-cz-IV.mp3?_=11\" \/><a href=\"http:\/\/kowalska-lason.project.stronazen.pl\/wp-content\/uploads\/2017\/01\/SNIE-SNY-WSZYSTKICH-SNIACYCH-I-SYMFONIA-KONCERTUJACA-cz-IV.mp3\">http:\/\/kowalska-lason.project.stronazen.pl\/wp-content\/uploads\/2017\/01\/SNIE-SNY-WSZYSTKICH-SNIACYCH-I-SYMFONIA-KONCERTUJACA-cz-IV.mp3<\/a><\/audio>\n<h3>The rainbow never tells me na fortepian solo<\/h3>\n<audio class=\"wp-audio-shortcode\" id=\"audio-251-12\" preload=\"none\" style=\"width: 100%;\" controls=\"controls\"><source type=\"audio\/mpeg\" src=\"https:\/\/justynakowalskalason.pl\/wp-content\/uploads\/2017\/02\/THE-RAINBOW-NEVER-TELLS-ME-4.mp3?_=12\" \/><a href=\"https:\/\/justynakowalskalason.pl\/wp-content\/uploads\/2017\/02\/THE-RAINBOW-NEVER-TELLS-ME-4.mp3\">https:\/\/justynakowalskalason.pl\/wp-content\/uploads\/2017\/02\/THE-RAINBOW-NEVER-TELLS-ME-4.mp3<\/a><\/audio>\n<h3>Kt\u00f3ra wszystko tworzy, wszystko ochrania<\/h3>\n<audio class=\"wp-audio-shortcode\" id=\"audio-251-13\" preload=\"none\" style=\"width: 100%;\" controls=\"controls\"><source type=\"audio\/mpeg\" src=\"http:\/\/kowalska-lason.project.stronazen.pl\/wp-content\/uploads\/2017\/01\/KTORA-WSZYSTKO-TWORZY-WSZYSTKO-OCHRANIA.mp3?_=13\" \/><a href=\"http:\/\/kowalska-lason.project.stronazen.pl\/wp-content\/uploads\/2017\/01\/KTORA-WSZYSTKO-TWORZY-WSZYSTKO-OCHRANIA.mp3\">http:\/\/kowalska-lason.project.stronazen.pl\/wp-content\/uploads\/2017\/01\/KTORA-WSZYSTKO-TWORZY-WSZYSTKO-OCHRANIA.mp3<\/a><\/audio>\n<h2><\/h2>\n<p><\/p>\n<h2 style=\"text-align: center;\">Odwied\u017a kana\u0142 muzyczny na Soundcloud<\/h2>\n\n\n<p><iframe loading=\"lazy\" title=\"Justyna Kowalska-Laso\u0144\" width=\"770\" height=\"450\" scrolling=\"no\" frameborder=\"no\" src=\"https:\/\/w.soundcloud.com\/player\/?visual=true&#038;url=https%3A%2F%2Fapi.soundcloud.com%2Fusers%2F282178280&#038;show_artwork=true&#038;maxheight=1000&#038;maxwidth=770\"><\/iframe><\/p>\n","protected":false},"excerpt":{"rendered":"<p>\u015apiewam Nowoczesnego Cz\u0142owieka (The Modern Man I Sing) \u00a0&#8211; Track 1 http:\/\/kowalska-lason.project.stronazen.pl\/wp-content\/uploads\/2017\/01\/01-sciezka-01.mp3 Sanctus na ch\u00f3r mieszany a cappella &#8211;\u00a0Track 2 http:\/\/kowalska-lason.project.stronazen.pl\/wp-content\/uploads\/2017\/01\/02-sciezka-02.mp3 A Light exists in Spring na kwartet smyczkowy\u00a0&#8211;\u00a0Track 3 http:\/\/kowalska-lason.project.stronazen.pl\/wp-content\/uploads\/2017\/01\/03-sciezka-03.mp3 Te frazy te pie\u015bni na orkiestr\u0119 smyczkow\u0105 &#8211;\u00a0Track 4 http:\/\/kowalska-lason.project.stronazen.pl\/wp-content\/uploads\/2017\/01\/04-sciezka-04.mp3 Obraz 1929 (Image 1929\u00a0in memoriam Zdzis\u0142aw Beksi\u0144ski) Track 5 http:\/\/kowalska-lason.project.stronazen.pl\/wp-content\/uploads\/2017\/01\/05-sciezka-05.mp3 B\u0142ogos\u0142awiony w snach, we&hellip;<\/p>\n","protected":false},"author":2,"featured_media":0,"parent":0,"menu_order":0,"comment_status":"closed","ping_status":"closed","template":"","meta":{"footnotes":""},"class_list":["post-251","page","type-page","status-publish","hentry"],"_links":{"self":[{"href":"http:\/\/kowalska-lason.project.stronazen.pl\/index.php?rest_route=\/wp\/v2\/pages\/251","targetHints":{"allow":["GET"]}}],"collection":[{"href":"http:\/\/kowalska-lason.project.stronazen.pl\/index.php?rest_route=\/wp\/v2\/pages"}],"about":[{"href":"http:\/\/kowalska-lason.project.stronazen.pl\/index.php?rest_route=\/wp\/v2\/types\/page"}],"author":[{"embeddable":true,"href":"http:\/\/kowalska-lason.project.stronazen.pl\/index.php?rest_route=\/wp\/v2\/users\/2"}],"replies":[{"embeddable":true,"href":"http:\/\/kowalska-lason.project.stronazen.pl\/index.php?rest_route=%2Fwp%2Fv2%2Fcomments&post=251"}],"version-history":[{"count":3,"href":"http:\/\/kowalska-lason.project.stronazen.pl\/index.php?rest_route=\/wp\/v2\/pages\/251\/revisions"}],"predecessor-version":[{"id":1144,"href":"http:\/\/kowalska-lason.project.stronazen.pl\/index.php?rest_route=\/wp\/v2\/pages\/251\/revisions\/1144"}],"wp:attachment":[{"href":"http:\/\/kowalska-lason.project.stronazen.pl\/index.php?rest_route=%2Fwp%2Fv2%2Fmedia&parent=251"}],"curies":[{"name":"wp","href":"https:\/\/api.w.org\/{rel}","templated":true}]}}