{"id":27,"date":"2015-03-03T19:40:20","date_gmt":"2015-03-03T19:40:20","guid":{"rendered":"http:\/\/justynakowalskalason.pl\/?page_id=27"},"modified":"2024-03-07T22:17:31","modified_gmt":"2024-03-07T22:17:31","slug":"justyna-kowalska-lason","status":"publish","type":"page","link":"http:\/\/kowalska-lason.project.stronazen.pl\/","title":{"rendered":""},"content":{"rendered":"<div id=\"pl-27\"  class=\"panel-layout\" ><div id=\"pg-27-0\"  class=\"panel-grid panel-no-style\" ><div id=\"pgc-27-0-0\"  class=\"panel-grid-cell\" ><div id=\"panel-27-0-0-0\" class=\"so-panel widget widget_sow-image panel-first-child panel-last-child\" data-index=\"0\" ><div class=\"panel-widget-style panel-widget-style-for-27-0-0-0\" ><div\n\t\t\t\n\t\t\tclass=\"so-widget-sow-image so-widget-sow-image-default-8b5b6f678277-27\"\n\t\t\t\n\t\t>\n<div class=\"sow-image-container\">\n\t\t<img \n\tsrc=\"http:\/\/kowalska-lason.project.stronazen.pl\/wp-content\/uploads\/2015\/02\/Justyna_Lason1-2-178x300.jpg\" width=\"178\" height=\"300\" srcset=\"http:\/\/kowalska-lason.project.stronazen.pl\/wp-content\/uploads\/2015\/02\/Justyna_Lason1-2-178x300.jpg 178w, http:\/\/kowalska-lason.project.stronazen.pl\/wp-content\/uploads\/2015\/02\/Justyna_Lason1-2.jpg 355w\" sizes=\"(max-width: 178px) 100vw, 178px\" title=\"Justyna Kowalska-Laso\u0144 - Kompozytor\" alt=\"Justyna Kowalska Laso\u0144 zdj\u0119cie\" \t\tclass=\"so-widget-image\"\/>\n\t<\/div>\n\n<\/div><\/div><\/div><\/div><div id=\"pgc-27-0-1\"  class=\"panel-grid-cell\" >\n\t\t<div id=\"panel-27-0-1-0\" class=\"so-panel widget widget_recent-posts widget_recent_entries panel-first-child panel-last-child\" data-index=\"1\" ><div class=\"panel-widget-style panel-widget-style-for-27-0-1-0\" >\n\t\t<h3 class=\"widget-title\">Ostatnie wpisy<\/h3>\n\t\t<ul>\n\t\t\t\t\t\t\t\t\t\t\t<li>\n\t\t\t\t\t<a href=\"http:\/\/kowalska-lason.project.stronazen.pl\/?p=317\">Pa\u017adziernik 2017 &#8211; CONTEMPO &#8211; University of Chicago<\/a>\n\t\t\t\t\t\t\t\t\t<\/li>\n\t\t\t\t\t\t\t\t\t\t\t<li>\n\t\t\t\t\t<a href=\"http:\/\/kowalska-lason.project.stronazen.pl\/?p=314\">1 kwietnia 2017 &#8211; 46. MFMW Pozna\u0144ska Wiosna Muzyczna<\/a>\n\t\t\t\t\t\t\t\t\t<\/li>\n\t\t\t\t\t\t\t\t\t\t\t<li>\n\t\t\t\t\t<a href=\"http:\/\/kowalska-lason.project.stronazen.pl\/?p=309\">25 marca 2017 &#8211; VII Festiwal Prawykona\u0144 w Katowicach<\/a>\n\t\t\t\t\t\t\t\t\t<\/li>\n\t\t\t\t\t\t\t\t\t\t\t<li>\n\t\t\t\t\t<a href=\"http:\/\/kowalska-lason.project.stronazen.pl\/?p=329\">25 listopada 2016 &#8211; Bielsko-Bia\u0142a Zesp\u00f3\u0142 Pa\u0144stwowych Szk\u00f3\u0142 Muzycznych<\/a>\n\t\t\t\t\t\t\t\t\t<\/li>\n\t\t\t\t\t\t\t\t\t\t\t<li>\n\t\t\t\t\t<a href=\"http:\/\/kowalska-lason.project.stronazen.pl\/?p=319\">22 listopada 2016 &#8211; Festiwal NEW BRAND MUSIC<\/a>\n\t\t\t\t\t\t\t\t\t<\/li>\n\t\t\t\t\t<\/ul>\n\n\t\t<\/div><\/div><\/div><\/div><\/div>","protected":false},"excerpt":{"rendered":"<p>Ostatnie wpisy Pa\u017adziernik 2017 &#8211; CONTEMPO &#8211; University of Chicago 1 kwietnia 2017 &#8211; 46. MFMW Pozna\u0144ska Wiosna Muzyczna 25 marca 2017 &#8211; VII Festiwal Prawykona\u0144 w Katowicach 25 listopada 2016 &#8211; Bielsko-Bia\u0142a Zesp\u00f3\u0142 Pa\u0144stwowych Szk\u00f3\u0142 Muzycznych 22 listopada 2016 &#8211; Festiwal NEW BRAND MUSIC<\/p>\n","protected":false},"author":2,"featured_media":0,"parent":0,"menu_order":0,"comment_status":"closed","ping_status":"closed","template":"","meta":{"footnotes":""},"class_list":["post-27","page","type-page","status-publish","hentry"],"_links":{"self":[{"href":"http:\/\/kowalska-lason.project.stronazen.pl\/index.php?rest_route=\/wp\/v2\/pages\/27","targetHints":{"allow":["GET"]}}],"collection":[{"href":"http:\/\/kowalska-lason.project.stronazen.pl\/index.php?rest_route=\/wp\/v2\/pages"}],"about":[{"href":"http:\/\/kowalska-lason.project.stronazen.pl\/index.php?rest_route=\/wp\/v2\/types\/page"}],"author":[{"embeddable":true,"href":"http:\/\/kowalska-lason.project.stronazen.pl\/index.php?rest_route=\/wp\/v2\/users\/2"}],"replies":[{"embeddable":true,"href":"http:\/\/kowalska-lason.project.stronazen.pl\/index.php?rest_route=%2Fwp%2Fv2%2Fcomments&post=27"}],"version-history":[{"count":2,"href":"http:\/\/kowalska-lason.project.stronazen.pl\/index.php?rest_route=\/wp\/v2\/pages\/27\/revisions"}],"predecessor-version":[{"id":1124,"href":"http:\/\/kowalska-lason.project.stronazen.pl\/index.php?rest_route=\/wp\/v2\/pages\/27\/revisions\/1124"}],"wp:attachment":[{"href":"http:\/\/kowalska-lason.project.stronazen.pl\/index.php?rest_route=%2Fwp%2Fv2%2Fmedia&parent=27"}],"curies":[{"name":"wp","href":"https:\/\/api.w.org\/{rel}","templated":true}]}}