{"id":37,"date":"2015-03-03T21:29:43","date_gmt":"2015-03-03T21:29:43","guid":{"rendered":"http:\/\/justynakowalskalason.pl\/?page_id=37"},"modified":"2015-03-03T21:29:43","modified_gmt":"2015-03-03T21:29:43","slug":"spis-utworow","status":"publish","type":"page","link":"http:\/\/kowalska-lason.project.stronazen.pl\/?page_id=37","title":{"rendered":"Spis utwor\u00f3w"},"content":{"rendered":"<h2>Wa\u017cniejsze kompozycje:<\/h2>\n<p>&nbsp;<\/p>\n<ul style=\"list-style-type: square\">\n<li>Kwartet smyczkowy nr 1 (2004)<\/li>\n<li>\u2028<em>A Light exists in Spring&#8230; <\/em>na kwartet smyczkowy (2005) (wersja 2 2009)<\/li>\n<li><em>Iluminations <\/em>na orkiestre\u0328 symfoniczna\u0328 (2006)<\/li>\n<li>\u2028<em>Psyche <\/em>na akordeon solo (2006)<\/li>\n<li><em>Ciern\u0301 <\/em>na 2 g\u0142osy, alt\u00f3wke\u0328 i fortepian (2006)<\/li>\n<li>Muzyka do etiudy filmowej &#8211; <em>TRUST ME<\/em> \u2013 Szymona Gdowicza z Akademii Sztuk Pie\u0328knych<\/li>\n<li><em>Apokalipsofonix <\/em>na tas\u0301me\u0328 i 4 tuby (2007)<\/li>\n<li><em>Pie\u0328c\u0301 B\u0142ogos\u0142awien\u0301stw <\/em>na organy solo (2008)<\/li>\n<li><em>OBRAZ 1929 (Zdzis\u0142aw Beksin\u0301ski in memoriam) <\/em>na orkiestre\u0328 symfoniczna\u0328 (2008)<\/li>\n<li><em>Te frazy&#8230;Te pies\u0301ni&#8230;Te arie&#8230;na <\/em>orkiestre\u0328 smyczkowa\u0328 (2009)<\/li>\n<li><em>ARTroTi-phonium <\/em>na 6 harf, 3 tra\u0328bki i kot\u0142y (2009)<\/li>\n<li><em>&#8230;in their eternal faces&#8230; <\/em>na flet solo (2009)<\/li>\n<li><em>Fanfara Festiwalowa <\/em>\u2013 dla Festiwalu Muzyki Polskiej w Krakowie (2009)<\/li>\n<li>\u00a0<em>Sanctus <\/em>[wersja 2] na ch\u00f3r mieszany (2010)<\/li>\n<li><em>Te Arie&#8230;na <\/em>orkiestre\u0328 smyczkowa\u0328 (2010)<\/li>\n<li><em>S\u0301piewam Nowoczesnego Cz\u0142owieka <\/em>na orkiestre\u0328 symfoniczna\u0328 (2011)<\/li>\n<li><em>&#8230;dotykam g\u00f3r, a one dymia\u0328&#8230;na <\/em>flet preparowany solo (2011)<\/li>\n<li><em>&#8230;in terra, in mari&#8230;na <\/em>ch\u00f3r mieszany (2011)<\/li>\n<li><em>Sanctus <\/em>[wersja 3 skr\u00f3cona] (2011)<\/li>\n<li><em>Przemawiam Je\u0328zykiem Zrozumia\u0142ym Dla Wszystkich <\/em>na orkiestre\u0328 smyczkowa\u0328 (2011)<\/li>\n<li><em>B\u0142ogos\u0142awiony w snach, we \u0142zach szcze\u0328s\u0301liwy <\/em>na ch\u00f3r mieszany a cappella (2012)<\/li>\n<li><em>Oto drzewo Krzy\u017ca, na kt\u00f3rym zawis\u0142o Zbawienie \u015bwiata <\/em>na ch\u00f3r mieszany a cappella (2012)<\/li>\n<li><em>Aby jednak pies\u0301ni nie zgas\u0142y, wynies\u0301 je poza s\u0301wiaty <\/em>na orkiestre\u0328 smyczkowa\u0328 (2012)<\/li>\n<li><em>III Kwartet smyczkowy \u201eZnajduje\u0328 swa\u0328 pies\u0301n\u0301\u201d (2013)<\/em><\/li>\n<li><em>\u015ani\u0119 sny wszystkich \u015bni\u0105cych I Symfonia koncertuj\u0105ca <\/em>na flet i orkiestr\u0119 symfoniczn\u0105 (2014)<\/li>\n<li><em>Bowiem przemawia j\u0119zykiem anio\u0142\u00f3w<\/em> na wiolonczel\u0119 i akordeon (2014)<\/li>\n<li><em>Kt\u00f3ra wszystko tworzy, wszystko ochrania<\/em>\u00a0 na mieszany ch\u00f3r solist\u00f3w, orkiestr\u0119 kameraln\u0105 i d\u017awi\u0119ki elektroniczne (2015)<\/li>\n<li><em>Co zosta\u0142o roz\u015bwietlone, \u015bwiat\u0142em si\u0119 staje<\/em> na flet i orkeistr\u0119<\/li>\n<\/ul>\n","protected":false},"excerpt":{"rendered":"<p>Wa\u017cniejsze kompozycje: &nbsp; Kwartet smyczkowy nr 1 (2004) \u2028A Light exists in Spring&#8230; na kwartet smyczkowy (2005) (wersja 2 2009) Iluminations na orkiestre\u0328 symfoniczna\u0328 (2006) \u2028Psyche na akordeon solo (2006) Ciern\u0301 na 2 g\u0142osy, alt\u00f3wke\u0328 i fortepian (2006) Muzyka do etiudy filmowej &#8211; TRUST ME \u2013 Szymona Gdowicza z Akademii Sztuk Pie\u0328knych Apokalipsofonix na tas\u0301me\u0328&hellip;<\/p>\n","protected":false},"author":2,"featured_media":0,"parent":13,"menu_order":0,"comment_status":"closed","ping_status":"open","template":"","meta":{"footnotes":""},"class_list":["post-37","page","type-page","status-publish","hentry"],"_links":{"self":[{"href":"http:\/\/kowalska-lason.project.stronazen.pl\/index.php?rest_route=\/wp\/v2\/pages\/37","targetHints":{"allow":["GET"]}}],"collection":[{"href":"http:\/\/kowalska-lason.project.stronazen.pl\/index.php?rest_route=\/wp\/v2\/pages"}],"about":[{"href":"http:\/\/kowalska-lason.project.stronazen.pl\/index.php?rest_route=\/wp\/v2\/types\/page"}],"author":[{"embeddable":true,"href":"http:\/\/kowalska-lason.project.stronazen.pl\/index.php?rest_route=\/wp\/v2\/users\/2"}],"replies":[{"embeddable":true,"href":"http:\/\/kowalska-lason.project.stronazen.pl\/index.php?rest_route=%2Fwp%2Fv2%2Fcomments&post=37"}],"version-history":[{"count":0,"href":"http:\/\/kowalska-lason.project.stronazen.pl\/index.php?rest_route=\/wp\/v2\/pages\/37\/revisions"}],"up":[{"embeddable":true,"href":"http:\/\/kowalska-lason.project.stronazen.pl\/index.php?rest_route=\/wp\/v2\/pages\/13"}],"wp:attachment":[{"href":"http:\/\/kowalska-lason.project.stronazen.pl\/index.php?rest_route=%2Fwp%2Fv2%2Fmedia&parent=37"}],"curies":[{"name":"wp","href":"https:\/\/api.w.org\/{rel}","templated":true}]}}