{"id":39,"date":"2015-03-03T21:30:27","date_gmt":"2015-03-03T21:30:27","guid":{"rendered":"http:\/\/justynakowalskalason.pl\/?page_id=39"},"modified":"2015-03-03T21:30:27","modified_gmt":"2015-03-03T21:30:27","slug":"o-tworczosci","status":"publish","type":"page","link":"http:\/\/kowalska-lason.project.stronazen.pl\/?page_id=39","title":{"rendered":"O tw\u00f3rczo\u015bci"},"content":{"rendered":"<h2>Andrzej Ch\u0142opecki &#8211; muzykolog, teoretyk, krytyk muzyczny<\/h2>\n<p>\u201eJest w tej muzyce moc, co nie truchleje; roz\u017carzone farbobrzmienia, kt\u00f3re\u00a0ekscytuj\u0105 uwodz\u0105c; swymi frazami i ariami Justyna \u015bpiewa cz\u0142owieka (a\u017c)\u00a0nadwra\u017cliwego.\u201d Andrzej Ch\u0142opecki<\/p>\n<p>&nbsp;<\/p>\n<h2>Jerzy Kornowicz kompozytor, Prezes Zwi\u0105zku Kompozytor\u00f3w Polskich<\/h2>\n<p>\u201e(&#8230;)Kompozytorka z ca\u0142\u0105 pewno\u015bci\u0105 jest tw\u00f3rc\u0105 okre\u015blonym, posiadaj\u0105cym sprecyzowany rys to\u017csamo\u015bciowy, co w m\u0142odym wieku jest rzadkie. Rys ten wykazuje niezale\u017cno\u015b\u0107 od stereotyp\u00f3w i modnych\u00a0 tendecji (&#8230;)<\/p>\n<p>&nbsp;<\/p>\n<h2>Joanna Wnuk-Nazarowa &#8211; kompozytor, dyrygent i pedagog, w latach 1997\u20131999 Minister Kultury i Sztuki<\/h2>\n<p>\u201eJustyna Kowalska-Laso\u0144, jak na sw\u00f3j m\u0142ody wiek dysponuje zaawansowanym technicznie warsztatem, bogatym w \u015brodki wyrazu. Jednak nie znajdziemy w jej utworach fajerwerk\u00f3w, popis\u00f3w, nadmiernego szafowania ow\u0105 technik\u0105.<\/p>\n<p>Jako typ osobowo\u015bci introwertycznej nie epatuje ideami, przeciwnie- s\u0142uchaczowi zdaje si\u0119, \u017ce uchyla mu ona zaledwie cz\u0119\u015bci swojej tajemnicy, \u015bwiadomie ograniczaj\u0105c \u015brodki i koncentruj\u0105c si\u0119 na sile przekazu.\u201d<\/p>\n<p>&nbsp;<\/p>\n<h2>Andrzej Kaszkowiak\u00a0 &#8211; lekarz<\/h2>\n<p>\u201eM\u00f3wi\u0119 Justyna i rozszerzaj\u0105 mi si\u0119 \u017arenice: jasne ogniki na ciemnym niebie, potencja wolno\u015bci i przeznaczenia &#8211; rzek\u0142bym &#8211; boska r\u00f3\u017cd\u017cka&#8230;!\u201d<\/p>\n<p>&nbsp;<\/p>\n<h2>Marian Sworze\u0144, pisarz i dramaturg<\/h2>\n<blockquote><p>Muzyka, kondensuj\u0105c pami\u0119\u0107 epoki, przechowuje jej esencj\u0119. Bez w\u0105tpienia dzie\u0142a Justyny Kowalskiej-Laso\u0144 zapisuj\u0105 nasz czas z jego niepokojami i rado\u015bciami, rozedrganiem i uspokojeniem. Cieszy mnie, \u017ce by\u0142em przy prawykonaniach wi\u0119kszo\u015bci utwor\u00f3w z tej p\u0142yty. S\u0142uchaj\u0105c zako\u0144czenia \u201eSanctus\u201d nie tylko s\u0142ysz\u0119, ale wr\u0119cz czuj\u0119 na twarzy podmuch wichru. Czy to wi\u0119c dotkni\u0119cie metafizyki? Ale\u017c tak, i to wysokiej pr\u00f3by.<\/p><\/blockquote>\n<p>&nbsp;<\/p>\n<p>&nbsp;<\/p>\n<p>&nbsp;<\/p>\n<p>&nbsp;<\/p>\n","protected":false},"excerpt":{"rendered":"<p>Andrzej Ch\u0142opecki &#8211; muzykolog, teoretyk, krytyk muzyczny \u201eJest w tej muzyce moc, co nie truchleje; roz\u017carzone farbobrzmienia, kt\u00f3re\u00a0ekscytuj\u0105 uwodz\u0105c; swymi frazami i ariami Justyna \u015bpiewa cz\u0142owieka (a\u017c)\u00a0nadwra\u017cliwego.\u201d Andrzej Ch\u0142opecki &nbsp; Jerzy Kornowicz kompozytor, Prezes Zwi\u0105zku Kompozytor\u00f3w Polskich \u201e(&#8230;)Kompozytorka z ca\u0142\u0105 pewno\u015bci\u0105 jest tw\u00f3rc\u0105 okre\u015blonym, posiadaj\u0105cym sprecyzowany rys to\u017csamo\u015bciowy, co w m\u0142odym wieku jest rzadkie. Rys&hellip;<\/p>\n","protected":false},"author":2,"featured_media":0,"parent":13,"menu_order":0,"comment_status":"closed","ping_status":"open","template":"","meta":{"footnotes":""},"class_list":["post-39","page","type-page","status-publish","hentry"],"_links":{"self":[{"href":"http:\/\/kowalska-lason.project.stronazen.pl\/index.php?rest_route=\/wp\/v2\/pages\/39","targetHints":{"allow":["GET"]}}],"collection":[{"href":"http:\/\/kowalska-lason.project.stronazen.pl\/index.php?rest_route=\/wp\/v2\/pages"}],"about":[{"href":"http:\/\/kowalska-lason.project.stronazen.pl\/index.php?rest_route=\/wp\/v2\/types\/page"}],"author":[{"embeddable":true,"href":"http:\/\/kowalska-lason.project.stronazen.pl\/index.php?rest_route=\/wp\/v2\/users\/2"}],"replies":[{"embeddable":true,"href":"http:\/\/kowalska-lason.project.stronazen.pl\/index.php?rest_route=%2Fwp%2Fv2%2Fcomments&post=39"}],"version-history":[{"count":0,"href":"http:\/\/kowalska-lason.project.stronazen.pl\/index.php?rest_route=\/wp\/v2\/pages\/39\/revisions"}],"up":[{"embeddable":true,"href":"http:\/\/kowalska-lason.project.stronazen.pl\/index.php?rest_route=\/wp\/v2\/pages\/13"}],"wp:attachment":[{"href":"http:\/\/kowalska-lason.project.stronazen.pl\/index.php?rest_route=%2Fwp%2Fv2%2Fmedia&parent=39"}],"curies":[{"name":"wp","href":"https:\/\/api.w.org\/{rel}","templated":true}]}}