{"id":50,"date":"2015-03-03T21:35:53","date_gmt":"2015-03-03T21:35:53","guid":{"rendered":"http:\/\/justynakowalskalason.pl\/?page_id=50"},"modified":"2015-03-03T21:35:53","modified_gmt":"2015-03-03T21:35:53","slug":"video","status":"publish","type":"page","link":"http:\/\/kowalska-lason.project.stronazen.pl\/?page_id=50","title":{"rendered":"Video"},"content":{"rendered":"<p><iframe loading=\"lazy\" title=\"Justyna Kowalska-Laso\u0144 - Image 1929 (in memorian Zdzis\u0142aw Beksi\u0144ski)\" width=\"770\" height=\"433\" src=\"https:\/\/www.youtube.com\/embed\/9X5WC_YxFj0?feature=oembed\" frameborder=\"0\" allow=\"accelerometer; autoplay; clipboard-write; encrypted-media; gyroscope; picture-in-picture; web-share\" allowfullscreen><\/iframe><\/p>\n<p><iframe loading=\"lazy\" title=\"Justyna Kowalska-Laso\u0144 - \u015apiewam Nowoczesnego Cz\u0142owieka  (The Modern Man I Sing)\" width=\"770\" height=\"433\" src=\"https:\/\/www.youtube.com\/embed\/OmoIZoeXWSE?feature=oembed\" frameborder=\"0\" allow=\"accelerometer; autoplay; clipboard-write; encrypted-media; gyroscope; picture-in-picture; web-share\" allowfullscreen><\/iframe><\/p>\n<p><iframe loading=\"lazy\" title=\"Justyna Kowalska-Laso\u0144 - Co zosta\u0142o roz\u015bwietlone, \u015bwiat\u0142em si\u0119 staje\" width=\"770\" height=\"433\" src=\"https:\/\/www.youtube.com\/embed\/ktULVRKl_sE?feature=oembed\" frameborder=\"0\" allow=\"accelerometer; autoplay; clipboard-write; encrypted-media; gyroscope; picture-in-picture; web-share\" allowfullscreen><\/iframe><\/p>\n<p><iframe loading=\"lazy\" title=\"Justyna Kowalska-Laso\u0144 - A Light exists in Spring for string quartet\" width=\"770\" height=\"433\" src=\"https:\/\/www.youtube.com\/embed\/y6ybUGXLK60?feature=oembed\" frameborder=\"0\" allow=\"accelerometer; autoplay; clipboard-write; encrypted-media; gyroscope; picture-in-picture; web-share\" allowfullscreen><\/iframe><\/p>\n<p><iframe loading=\"lazy\" title=\"Justyna Kowalska-Laso\u0144 - These phrases... These songs... These arias...\" width=\"770\" height=\"433\" src=\"https:\/\/www.youtube.com\/embed\/V6bsjtcUlRM?feature=oembed\" frameborder=\"0\" allow=\"accelerometer; autoplay; clipboard-write; encrypted-media; gyroscope; picture-in-picture; web-share\" allowfullscreen><\/iframe><\/p>\n<p><iframe loading=\"lazy\" title=\"Justyna Kowalska-Laso\u0144 - Sanctus for mixed choir a cappella\" width=\"770\" height=\"433\" src=\"https:\/\/www.youtube.com\/embed\/ucGyo4ZayQk?feature=oembed\" frameborder=\"0\" allow=\"accelerometer; autoplay; clipboard-write; encrypted-media; gyroscope; picture-in-picture; web-share\" allowfullscreen><\/iframe><\/p>\n<p><iframe loading=\"lazy\" title=\"Justyna Kowalska-Laso\u0144 - String Quartet No. 3 I Find My Song\" width=\"770\" height=\"433\" src=\"https:\/\/www.youtube.com\/embed\/rTcG31QkrVM?feature=oembed\" frameborder=\"0\" allow=\"accelerometer; autoplay; clipboard-write; encrypted-media; gyroscope; picture-in-picture; web-share\" allowfullscreen><\/iframe><\/p>\n<p><iframe loading=\"lazy\" title=\"Justyna Kowalska-Laso\u0144 - ...dotykam g\u00f3r, a one dymi\u0105 na flet preparowany solo\" width=\"770\" height=\"433\" src=\"https:\/\/www.youtube.com\/embed\/NjYjaee2hU4?feature=oembed\" frameborder=\"0\" allow=\"accelerometer; autoplay; clipboard-write; encrypted-media; gyroscope; picture-in-picture; web-share\" allowfullscreen><\/iframe><\/p>\n","protected":false},"excerpt":{"rendered":"","protected":false},"author":2,"featured_media":0,"parent":41,"menu_order":0,"comment_status":"closed","ping_status":"open","template":"","meta":{"footnotes":""},"class_list":["post-50","page","type-page","status-publish","hentry"],"_links":{"self":[{"href":"http:\/\/kowalska-lason.project.stronazen.pl\/index.php?rest_route=\/wp\/v2\/pages\/50","targetHints":{"allow":["GET"]}}],"collection":[{"href":"http:\/\/kowalska-lason.project.stronazen.pl\/index.php?rest_route=\/wp\/v2\/pages"}],"about":[{"href":"http:\/\/kowalska-lason.project.stronazen.pl\/index.php?rest_route=\/wp\/v2\/types\/page"}],"author":[{"embeddable":true,"href":"http:\/\/kowalska-lason.project.stronazen.pl\/index.php?rest_route=\/wp\/v2\/users\/2"}],"replies":[{"embeddable":true,"href":"http:\/\/kowalska-lason.project.stronazen.pl\/index.php?rest_route=%2Fwp%2Fv2%2Fcomments&post=50"}],"version-history":[{"count":0,"href":"http:\/\/kowalska-lason.project.stronazen.pl\/index.php?rest_route=\/wp\/v2\/pages\/50\/revisions"}],"up":[{"embeddable":true,"href":"http:\/\/kowalska-lason.project.stronazen.pl\/index.php?rest_route=\/wp\/v2\/pages\/41"}],"wp:attachment":[{"href":"http:\/\/kowalska-lason.project.stronazen.pl\/index.php?rest_route=%2Fwp%2Fv2%2Fmedia&parent=50"}],"curies":[{"name":"wp","href":"https:\/\/api.w.org\/{rel}","templated":true}]}}