{"id":70,"date":"2016-02-24T12:24:38","date_gmt":"2016-02-24T12:24:38","guid":{"rendered":"http:\/\/justynakowalskalason.pl\/?page_id=70"},"modified":"2016-02-24T12:24:38","modified_gmt":"2016-02-24T12:24:38","slug":"nagrody","status":"publish","type":"page","link":"http:\/\/kowalska-lason.project.stronazen.pl\/?page_id=70","title":{"rendered":"Nagrody"},"content":{"rendered":"<h2 style=\"text-align: center;\">Za osi\u0105gni\u0119cia tw\u00f3rcze otrzyma\u0142a szereg nagr\u00f3d i stypendi\u00f3w artystycznych, m. in.:<\/h2>\n<p>&nbsp;<\/p>\n<ul style=\"list-style-type: square;\">\n<li>prezentacja kompozycji podczas 57. Mi\u0119dzynarodowej Trybuny Kompozytor\u00f3w UNESCO w Lizbonie<\/li>\n<li>nominacja do presti\u017cowej Nagrody Medi\u00f3w Publicznych OPUS 2009 (edycja nie zosta\u0142a rozstrzygni\u0119ta)<\/li>\n<li>I nagroda w Konkursie Kompozytorskim im. Artura Malawskiego<br \/>\nw Rzeszowie za utw\u00f3r na orkiestr\u0119 symfoniczn\u0105<\/li>\n<li>dwukrotnie I\u00a0 nagroda na Mie\u0328dzynarodowym Konkursie Kompozytorskim<br \/>\nim. Feliksa Nowowiejskiego w Olsztynie (2011 i 2012)<\/li>\n<li>I nagroda w Konkursie Kompozytorskim w Bydgoszczy, Nagroda Specjalna za Walory Warsztatu Kompozytorskiego<br \/>\nw Konkursie Kompozytorskim na Ch\u00f3ralny Utw\u00f3r Liturgiczny w Bydgoszczy<\/li>\n<li>III nagroda w Konkursie Kompozytorskim organizowanym przez Akademie\u0328 Muzyczna\u0328 w Gdan\u0301sku, za utw\u00f3r na orkiestr\u0119 smyczkow\u0105<\/li>\n<li>wyr\u00f3z\u0307nienie w Konkursie Kompozytorskim im. Tadeusza Ochlewskiego organizowanym pod auspicjami Polskiego Wydawnictwa Muzycznego, za utw\u00f3r na flet preparowany solo<\/li>\n<li>wyr\u00f3z\u0307nienie w Og\u00f3lnopolskim Konkursie Kompozytorskim we Wroc\u0142awiu za utw\u00f3r &#8230;in their eternal faces&#8230; na flet solo. W 2006 roku otrzyma\u0142a wyr\u00f3z\u0307nienie za utw\u00f3r Ciern\u0301 na 2 g\u0142osy, alt\u00f3wke\u0328 i fortepian do s\u0142\u00f3w Tadeusza R\u00f3z\u0307ewicza w Og\u00f3lnopolskim Konkursie Kompozytorskim w Gliwicach.<\/li>\n<\/ul>\n","protected":false},"excerpt":{"rendered":"<p>Za osi\u0105gni\u0119cia tw\u00f3rcze otrzyma\u0142a szereg nagr\u00f3d i stypendi\u00f3w artystycznych, m. in.: &nbsp; prezentacja kompozycji podczas 57. Mi\u0119dzynarodowej Trybuny Kompozytor\u00f3w UNESCO w Lizbonie nominacja do presti\u017cowej Nagrody Medi\u00f3w Publicznych OPUS 2009 (edycja nie zosta\u0142a rozstrzygni\u0119ta) I nagroda w Konkursie Kompozytorskim im. Artura Malawskiego w Rzeszowie za utw\u00f3r na orkiestr\u0119 symfoniczn\u0105 dwukrotnie I\u00a0 nagroda na Mie\u0328dzynarodowym Konkursie&hellip;<\/p>\n","protected":false},"author":2,"featured_media":0,"parent":13,"menu_order":0,"comment_status":"closed","ping_status":"closed","template":"","meta":{"footnotes":""},"class_list":["post-70","page","type-page","status-publish","hentry"],"_links":{"self":[{"href":"http:\/\/kowalska-lason.project.stronazen.pl\/index.php?rest_route=\/wp\/v2\/pages\/70","targetHints":{"allow":["GET"]}}],"collection":[{"href":"http:\/\/kowalska-lason.project.stronazen.pl\/index.php?rest_route=\/wp\/v2\/pages"}],"about":[{"href":"http:\/\/kowalska-lason.project.stronazen.pl\/index.php?rest_route=\/wp\/v2\/types\/page"}],"author":[{"embeddable":true,"href":"http:\/\/kowalska-lason.project.stronazen.pl\/index.php?rest_route=\/wp\/v2\/users\/2"}],"replies":[{"embeddable":true,"href":"http:\/\/kowalska-lason.project.stronazen.pl\/index.php?rest_route=%2Fwp%2Fv2%2Fcomments&post=70"}],"version-history":[{"count":0,"href":"http:\/\/kowalska-lason.project.stronazen.pl\/index.php?rest_route=\/wp\/v2\/pages\/70\/revisions"}],"up":[{"embeddable":true,"href":"http:\/\/kowalska-lason.project.stronazen.pl\/index.php?rest_route=\/wp\/v2\/pages\/13"}],"wp:attachment":[{"href":"http:\/\/kowalska-lason.project.stronazen.pl\/index.php?rest_route=%2Fwp%2Fv2%2Fmedia&parent=70"}],"curies":[{"name":"wp","href":"https:\/\/api.w.org\/{rel}","templated":true}]}}